{"id":31,"date":"2022-06-19T17:33:26","date_gmt":"2022-06-19T15:33:26","guid":{"rendered":"http:\/\/opiekunemocji.pl\/?page_id=31"},"modified":"2023-05-10T14:09:02","modified_gmt":"2023-05-10T12:09:02","slug":"kontakt","status":"publish","type":"page","link":"https:\/\/opiekunemocji.pl\/index.php\/kontakt\/","title":{"rendered":"Kontakt"},"content":{"rendered":"\n<div class=\"wp-container-3 wp-block-columns\">\n<div class=\"wp-container-1 wp-block-column\" style=\"flex-basis:66.66%\">\n<p class=\"has-black-color has-text-color\" style=\"font-size:22px\"><strong>GABINET TERAPEUTYCZNY<\/strong><\/p>\n\n\n\n<p class=\"has-vivid-cyan-blue-color has-text-color\" style=\"font-size:22px\"><strong>tel.<\/strong>  530 881 117 <\/p>\n\n\n\n<p>Al. Solidarno\u015bci 129\/131 lok. 192<br>00-898 Warszawa<\/p>\n\n\n\n<p><strong>email:<\/strong> <a href=\"mailto:opiekunemocji@gmail.com\" target=\"_blank\" rel=\"noreferrer noopener\">opiekunemocji@gmail.com<\/a><\/p>\n\n\n\n<p style=\"font-size:14px\"><a href=\"https:\/\/www.znanylekarz.pl\/marta-budek\/psychoterapeuta\/warszawa\" target=\"_blank\" rel=\"noreferrer noopener\" aria-label=\" (otwiera si\u0119 w nowej zak\u0142adce)\">https:\/\/www.znanylekarz.pl\/marta-budek\/psychoterapeuta\/warszawa<\/a><\/p>\n<\/div>\n\n\n\n<div class=\"wp-container-2 wp-block-column\" style=\"flex-basis:33.33%\">\n<a id=\"zl-url\" class=\"zl-url\" href=\"https:\/\/www.znanylekarz.pl\/marta-budek\/psychoterapeuta\/warszawa\" rel=\"nofollow\" data-zlw-doctor=\"marta-budek\" data-zlw-type=\"certificate\" data-zlw-opinion=\"false\" data-zlw-hide-branding=\"true\">Marta Budek &#8211; ZnanyLekarz.pl<\/a><script>!function($_x,_s,id){var js,fjs=$_x.getElementsByTagName(_s)[0];if(!$_x.getElementById(id)){js = $_x.createElement(_s);js.id = id;js.src = \"\/\/platform.docplanner.com\/js\/widget.js\";fjs.parentNode.insertBefore(js,fjs);}}(document,\"script\",\"zl-widget-s\");<\/script>\n<\/div>\n<\/div>\n\n\n\n<iframe src=\"https:\/\/www.google.com\/maps\/embed?pb=!1m18!1m12!1m3!1d5484.571687345594!2d20.98564916590073!3d52.24158524675839!2m3!1f0!2f0!3f0!3m2!1i1024!2i768!4f13.1!3m3!1m2!1s0x471ecc80b4cebdcd%3A0x51bfb0190b68168c!2saleja%20%22Solidarno%C5%9Bci%22%20129%2F131%2C%2000-898%20Warszawa!5e0!3m2!1spl!2spl!4v1680633510014!5m2!1spl!2spl\" style=\"border:0;\" allowfullscreen=\"\" loading=\"lazy\" referrerpolicy=\"no-referrer-when-downgrade\" width=\"600\" height=\"450\"><\/iframe>\n","protected":false},"excerpt":{"rendered":"<p>GABINET TERAPEUTYCZNY tel. 530 881 117 Al. Solidarno\u015bci 129\/131 lok. 19200-898 Warszawa email: opiekunemocji@gmail.com https:\/\/www.znanylekarz.pl\/marta-budek\/psychoterapeuta\/warszawa Marta Budek &#8211; ZnanyLekarz.pl<\/p>\n","protected":false},"author":1,"featured_media":247,"parent":0,"menu_order":0,"comment_status":"closed","ping_status":"closed","template":"","meta":[],"yoast_head":"<!-- This site is optimized with the Yoast SEO plugin v20.4 - https:\/\/yoast.com\/wordpress\/plugins\/seo\/ -->\n<title>Kontakt - Marta Budek<\/title>\n<meta name=\"description\" content=\"Gabinet terapeutyczny, diagnostyka uzale\u017cnie\u0144, indywidualna i grupowa psychoterapia uzale\u017cnie\u0144, psychoterapia par, wsparcie kryzysowe\" \/>\n<meta name=\"robots\" content=\"index, follow, max-snippet:-1, max-image-preview:large, max-video-preview:-1\" \/>\n<link rel=\"canonical\" href=\"https:\/\/opiekunemocji.pl\/index.php\/kontakt\/\" \/>\n<meta property=\"og:locale\" content=\"pl_PL\" \/>\n<meta property=\"og:type\" content=\"article\" \/>\n<meta property=\"og:title\" content=\"Kontakt - Marta Budek\" \/>\n<meta property=\"og:description\" content=\"Gabinet terapeutyczny, diagnostyka uzale\u017cnie\u0144, indywidualna i grupowa psychoterapia uzale\u017cnie\u0144, psychoterapia par, wsparcie kryzysowe\" \/>\n<meta property=\"og:url\" content=\"https:\/\/opiekunemocji.pl\/index.php\/kontakt\/\" \/>\n<meta property=\"og:site_name\" content=\"Marta Budek\" \/>\n<meta property=\"article:modified_time\" content=\"2023-05-10T12:09:02+00:00\" \/>\n<meta property=\"og:image\" content=\"https:\/\/opiekunemocji.pl\/wp-content\/uploads\/2022\/08\/opiekunemocji_naglowek_2000x1200_12a.jpg\" \/>\n\t<meta property=\"og:image:width\" content=\"2000\" \/>\n\t<meta property=\"og:image:height\" content=\"1200\" \/>\n\t<meta property=\"og:image:type\" content=\"image\/jpeg\" \/>\n<meta name=\"twitter:card\" content=\"summary_large_image\" \/>\n<meta name=\"twitter:label1\" content=\"Szacowany czas czytania\" \/>\n\t<meta name=\"twitter:data1\" content=\"1 minuta\" \/>\n<script type=\"application\/ld+json\" class=\"yoast-schema-graph\">{\"@context\":\"https:\/\/schema.org\",\"@graph\":[{\"@type\":\"WebPage\",\"@id\":\"https:\/\/opiekunemocji.pl\/index.php\/kontakt\/\",\"url\":\"https:\/\/opiekunemocji.pl\/index.php\/kontakt\/\",\"name\":\"Kontakt - Marta Budek\",\"isPartOf\":{\"@id\":\"https:\/\/opiekunemocji.pl\/#website\"},\"datePublished\":\"2022-06-19T15:33:26+00:00\",\"dateModified\":\"2023-05-10T12:09:02+00:00\",\"description\":\"Gabinet terapeutyczny, diagnostyka uzale\u017cnie\u0144, indywidualna i grupowa psychoterapia uzale\u017cnie\u0144, psychoterapia par, wsparcie kryzysowe\",\"breadcrumb\":{\"@id\":\"https:\/\/opiekunemocji.pl\/index.php\/kontakt\/#breadcrumb\"},\"inLanguage\":\"pl-PL\",\"potentialAction\":[{\"@type\":\"ReadAction\",\"target\":[\"https:\/\/opiekunemocji.pl\/index.php\/kontakt\/\"]}]},{\"@type\":\"BreadcrumbList\",\"@id\":\"https:\/\/opiekunemocji.pl\/index.php\/kontakt\/#breadcrumb\",\"itemListElement\":[{\"@type\":\"ListItem\",\"position\":1,\"name\":\"Strona g\u0142\u00f3wna\",\"item\":\"https:\/\/opiekunemocji.pl\/\"},{\"@type\":\"ListItem\",\"position\":2,\"name\":\"Kontakt\"}]},{\"@type\":\"WebSite\",\"@id\":\"https:\/\/opiekunemocji.pl\/#website\",\"url\":\"https:\/\/opiekunemocji.pl\/\",\"name\":\"Marta Budek\",\"description\":\"Gabinet Terapeutyczny OPIEKUN EMOCJI\",\"publisher\":{\"@id\":\"https:\/\/opiekunemocji.pl\/#\/schema\/person\/86f3a89885fe7903c78e718f1cb7b7be\"},\"potentialAction\":[{\"@type\":\"SearchAction\",\"target\":{\"@type\":\"EntryPoint\",\"urlTemplate\":\"https:\/\/opiekunemocji.pl\/?s={search_term_string}\"},\"query-input\":\"required name=search_term_string\"}],\"inLanguage\":\"pl-PL\"},{\"@type\":[\"Person\",\"Organization\"],\"@id\":\"https:\/\/opiekunemocji.pl\/#\/schema\/person\/86f3a89885fe7903c78e718f1cb7b7be\",\"name\":\"Opiekunemocji\",\"image\":{\"@type\":\"ImageObject\",\"inLanguage\":\"pl-PL\",\"@id\":\"https:\/\/opiekunemocji.pl\/#\/schema\/person\/image\/\",\"url\":\"http:\/\/opiekunemocji.pl\/wp-content\/uploads\/2022\/08\/opiekunemocji_logo_ver2.png\",\"contentUrl\":\"http:\/\/opiekunemocji.pl\/wp-content\/uploads\/2022\/08\/opiekunemocji_logo_ver2.png\",\"width\":3918,\"height\":969,\"caption\":\"Opiekunemocji\"},\"logo\":{\"@id\":\"https:\/\/opiekunemocji.pl\/#\/schema\/person\/image\/\"}}]}<\/script>\n<!-- \/ Yoast SEO plugin. -->","yoast_head_json":{"title":"Kontakt - Marta Budek","description":"Gabinet terapeutyczny, diagnostyka uzale\u017cnie\u0144, indywidualna i grupowa psychoterapia uzale\u017cnie\u0144, psychoterapia par, wsparcie kryzysowe","robots":{"index":"index","follow":"follow","max-snippet":"max-snippet:-1","max-image-preview":"max-image-preview:large","max-video-preview":"max-video-preview:-1"},"canonical":"https:\/\/opiekunemocji.pl\/index.php\/kontakt\/","og_locale":"pl_PL","og_type":"article","og_title":"Kontakt - Marta Budek","og_description":"Gabinet terapeutyczny, diagnostyka uzale\u017cnie\u0144, indywidualna i grupowa psychoterapia uzale\u017cnie\u0144, psychoterapia par, wsparcie kryzysowe","og_url":"https:\/\/opiekunemocji.pl\/index.php\/kontakt\/","og_site_name":"Marta Budek","article_modified_time":"2023-05-10T12:09:02+00:00","og_image":[{"width":2000,"height":1200,"url":"https:\/\/opiekunemocji.pl\/wp-content\/uploads\/2022\/08\/opiekunemocji_naglowek_2000x1200_12a.jpg","type":"image\/jpeg"}],"twitter_card":"summary_large_image","twitter_misc":{"Szacowany czas czytania":"1 minuta"},"schema":{"@context":"https:\/\/schema.org","@graph":[{"@type":"WebPage","@id":"https:\/\/opiekunemocji.pl\/index.php\/kontakt\/","url":"https:\/\/opiekunemocji.pl\/index.php\/kontakt\/","name":"Kontakt - Marta Budek","isPartOf":{"@id":"https:\/\/opiekunemocji.pl\/#website"},"datePublished":"2022-06-19T15:33:26+00:00","dateModified":"2023-05-10T12:09:02+00:00","description":"Gabinet terapeutyczny, diagnostyka uzale\u017cnie\u0144, indywidualna i grupowa psychoterapia uzale\u017cnie\u0144, psychoterapia par, wsparcie kryzysowe","breadcrumb":{"@id":"https:\/\/opiekunemocji.pl\/index.php\/kontakt\/#breadcrumb"},"inLanguage":"pl-PL","potentialAction":[{"@type":"ReadAction","target":["https:\/\/opiekunemocji.pl\/index.php\/kontakt\/"]}]},{"@type":"BreadcrumbList","@id":"https:\/\/opiekunemocji.pl\/index.php\/kontakt\/#breadcrumb","itemListElement":[{"@type":"ListItem","position":1,"name":"Strona g\u0142\u00f3wna","item":"https:\/\/opiekunemocji.pl\/"},{"@type":"ListItem","position":2,"name":"Kontakt"}]},{"@type":"WebSite","@id":"https:\/\/opiekunemocji.pl\/#website","url":"https:\/\/opiekunemocji.pl\/","name":"Marta Budek","description":"Gabinet Terapeutyczny OPIEKUN EMOCJI","publisher":{"@id":"https:\/\/opiekunemocji.pl\/#\/schema\/person\/86f3a89885fe7903c78e718f1cb7b7be"},"potentialAction":[{"@type":"SearchAction","target":{"@type":"EntryPoint","urlTemplate":"https:\/\/opiekunemocji.pl\/?s={search_term_string}"},"query-input":"required name=search_term_string"}],"inLanguage":"pl-PL"},{"@type":["Person","Organization"],"@id":"https:\/\/opiekunemocji.pl\/#\/schema\/person\/86f3a89885fe7903c78e718f1cb7b7be","name":"Opiekunemocji","image":{"@type":"ImageObject","inLanguage":"pl-PL","@id":"https:\/\/opiekunemocji.pl\/#\/schema\/person\/image\/","url":"http:\/\/opiekunemocji.pl\/wp-content\/uploads\/2022\/08\/opiekunemocji_logo_ver2.png","contentUrl":"http:\/\/opiekunemocji.pl\/wp-content\/uploads\/2022\/08\/opiekunemocji_logo_ver2.png","width":3918,"height":969,"caption":"Opiekunemocji"},"logo":{"@id":"https:\/\/opiekunemocji.pl\/#\/schema\/person\/image\/"}}]}},"_links":{"self":[{"href":"https:\/\/opiekunemocji.pl\/index.php\/wp-json\/wp\/v2\/pages\/31"}],"collection":[{"href":"https:\/\/opiekunemocji.pl\/index.php\/wp-json\/wp\/v2\/pages"}],"about":[{"href":"https:\/\/opiekunemocji.pl\/index.php\/wp-json\/wp\/v2\/types\/page"}],"author":[{"embeddable":true,"href":"https:\/\/opiekunemocji.pl\/index.php\/wp-json\/wp\/v2\/users\/1"}],"replies":[{"embeddable":true,"href":"https:\/\/opiekunemocji.pl\/index.php\/wp-json\/wp\/v2\/comments?post=31"}],"version-history":[{"count":17,"href":"https:\/\/opiekunemocji.pl\/index.php\/wp-json\/wp\/v2\/pages\/31\/revisions"}],"predecessor-version":[{"id":308,"href":"https:\/\/opiekunemocji.pl\/index.php\/wp-json\/wp\/v2\/pages\/31\/revisions\/308"}],"wp:featuredmedia":[{"embeddable":true,"href":"https:\/\/opiekunemocji.pl\/index.php\/wp-json\/wp\/v2\/media\/247"}],"wp:attachment":[{"href":"https:\/\/opiekunemocji.pl\/index.php\/wp-json\/wp\/v2\/media?parent=31"}],"curies":[{"name":"wp","href":"https:\/\/api.w.org\/{rel}","templated":true}]}}